{"id":12,"date":"2019-01-24T18:38:17","date_gmt":"2019-01-24T18:38:17","guid":{"rendered":"http:\/\/xn--spargel-obsthof-arno-fnfgelt-n7c.de\/?page_id=12"},"modified":"2026-03-13T21:19:37","modified_gmt":"2026-03-13T21:19:37","slug":"spargel","status":"publish","type":"page","link":"http:\/\/xn--spargel-obsthof-arno-fnfgelt-n7c.de\/?page_id=12","title":{"rendered":"Spargel"},"content":{"rendered":"\n<p>Von April bis Juni dreht sich bei uns alls um den Spargel. Die leichten L\u00f6sb\u00f6den lassen einen besonders zarten und aromatischen Spargel gedeihen.<\/p>\n\n\n\n<p>Diesen bekommen Sie w\u00e4hrend der ganzen Saison direkt  bei unserem freundlichen Verkaufsteam im Laden auf dem Hof. <br><br><\/p>\n\n\n\n<h2 class=\"wp-block-heading\">Neu!<\/h2>\n\n\n\n<p>Jetzt gibt es den Spargel <br>auf Wunsch auch gesch\u00e4lt. <br><br><\/p>\n\n\n\n<h3 class=\"wp-block-heading\"><strong>Preise<\/strong><\/h3>\n\n\n\n<figure class=\"wp-block-table alignleft is-style-stripes\"><table><tbody><tr><td>Klasse I<\/td><td><strong>16<\/strong> \u20ac \/ kg<\/td><\/tr><tr><td>Klasse II<\/td><td><strong>&nbsp; 14 <\/strong>\u20ac \/ kg<\/td><\/tr><tr><td>Klasse III<\/td><td><strong>&nbsp; 12 <\/strong>\u20ac \/ kg<\/td><\/tr><tr><td>&nbsp;Klasse IV<\/td><td>\u00a0<strong>10<\/strong> \u20ac \/ kg<\/td><\/tr><tr><td>Spargelspitzen<\/td><td><strong>&nbsp; 14 <\/strong>\u20ac \/ kg<\/td><\/tr><tr><td>Spargelspitzen (d\u00fcnn)<\/td><td><strong>&nbsp; 12&nbsp;<\/strong>\u20ac \/ kg<\/td><\/tr><tr><td>Gr\u00fcnspargel<\/td><td><strong>15<\/strong> \u20ac \/ kg<\/td><\/tr><\/tbody><\/table><\/figure>\n","protected":false},"excerpt":{"rendered":"<p>Von April bis Juni dreht sich bei uns alls um den Spargel. Die leichten L\u00f6sb\u00f6den lassen einen besonders zarten und aromatischen Spargel gedeihen. Diesen bekommen Sie w\u00e4hrend der ganzen Saison direkt bei unserem freundlichen Verkaufsteam im Laden auf dem Hof. Neu! Jetzt gibt es den Spargel auf Wunsch auch gesch\u00e4lt. Preise Klasse I 16 \u20ac [&hellip;]<\/p>\n","protected":false},"author":1,"featured_media":0,"parent":0,"menu_order":0,"comment_status":"closed","ping_status":"closed","template":"","meta":{"footnotes":""},"class_list":["post-12","page","type-page","status-publish","hentry"],"_links":{"self":[{"href":"http:\/\/xn--spargel-obsthof-arno-fnfgelt-n7c.de\/index.php?rest_route=\/wp\/v2\/pages\/12","targetHints":{"allow":["GET"]}}],"collection":[{"href":"http:\/\/xn--spargel-obsthof-arno-fnfgelt-n7c.de\/index.php?rest_route=\/wp\/v2\/pages"}],"about":[{"href":"http:\/\/xn--spargel-obsthof-arno-fnfgelt-n7c.de\/index.php?rest_route=\/wp\/v2\/types\/page"}],"author":[{"embeddable":true,"href":"http:\/\/xn--spargel-obsthof-arno-fnfgelt-n7c.de\/index.php?rest_route=\/wp\/v2\/users\/1"}],"replies":[{"embeddable":true,"href":"http:\/\/xn--spargel-obsthof-arno-fnfgelt-n7c.de\/index.php?rest_route=%2Fwp%2Fv2%2Fcomments&post=12"}],"version-history":[{"count":27,"href":"http:\/\/xn--spargel-obsthof-arno-fnfgelt-n7c.de\/index.php?rest_route=\/wp\/v2\/pages\/12\/revisions"}],"predecessor-version":[{"id":282,"href":"http:\/\/xn--spargel-obsthof-arno-fnfgelt-n7c.de\/index.php?rest_route=\/wp\/v2\/pages\/12\/revisions\/282"}],"wp:attachment":[{"href":"http:\/\/xn--spargel-obsthof-arno-fnfgelt-n7c.de\/index.php?rest_route=%2Fwp%2Fv2%2Fmedia&parent=12"}],"curies":[{"name":"wp","href":"https:\/\/api.w.org\/{rel}","templated":true}]}}