{"id":14,"date":"2019-01-24T18:38:54","date_gmt":"2019-01-24T18:38:54","guid":{"rendered":"http:\/\/xn--spargel-obsthof-arno-fnfgelt-n7c.de\/?page_id=14"},"modified":"2026-03-13T21:07:14","modified_gmt":"2026-03-13T21:07:14","slug":"obst-und-saefte","status":"publish","type":"page","link":"https:\/\/xn--spargel-obsthof-arno-fnfgelt-n7c.de\/?page_id=14","title":{"rendered":"Obst und S\u00e4fte"},"content":{"rendered":"\n<p>Alle \u00c4pfel und Zwetschgen sowie die S\u00e4fte aus unserem eigenen Obst k\u00f6nnen Sie direkt am Hof an unserem Selbstbedienungsstand kaufen.<br>Der Stand ist den ganzen Tag \u00fcber ge\u00f6ffnet.<\/p>\n\n\n<div class=\"wp-block-image\">\n<figure class=\"alignright is-resized\"><img loading=\"lazy\" decoding=\"async\" src=\"http:\/\/xn--spargel-obsthof-arno-fnfgelt-n7c.de\/wp-content\/uploads\/2019\/01\/image-1.png\" alt=\"\" class=\"wp-image-69\" width=\"120\" height=\"60\"\/><\/figure>\n<\/div>\n\n\n<p>Wir verkaufen ein gro\u00dfes Sortiment von fr\u00fch bist sp\u00e4t reifenden \u00c4pfeln sowie mittelfr\u00fchen bis sp\u00e4ten Zwetschgen.<br>Sorten: Arkcharm, Gala, Rubinette, Braeburn, <br>Fuji, Nashi (japanische Apfelbirne)<br>Zwetschgen: Cajacs Sch\u00f6ne, Cajacs Fruchtbare, Toptaste, Topfive<\/p>\n\n\n\n<h3 class=\"wp-block-heading\"><strong>Preise: <\/strong><br><\/h3>\n\n\n\n<figure class=\"wp-block-table alignleft is-style-stripes\"><table><tbody><tr><td><strong>S\u00e4fte in Literflaschen<\/strong><\/td><td>&nbsp;<\/td><\/tr><tr><td>Apfelsaft<\/td><td>2,50 \u20ac (+0,20 EUR Pfand)<\/td><\/tr><tr><td>Johannisbeernektar<\/td><td>3,70 \u20ac (+0,20 EUR Pfand)<\/td><\/tr><tr><td>&nbsp;<\/td><td>&nbsp;<\/td><\/tr><tr><td><strong>Bag in Box &#8211; 3 Liter<\/strong><\/td><td>&nbsp;<\/td><\/tr><tr><td>Apfelsaft<br>Johannisbeernektar<\/td><td>7,00 \u20ac<br>10,50 \u20ac<\/td><\/tr><\/tbody><\/table><\/figure>\n","protected":false},"excerpt":{"rendered":"<p>Alle \u00c4pfel und Zwetschgen sowie die S\u00e4fte aus unserem eigenen Obst k\u00f6nnen Sie direkt am Hof an unserem Selbstbedienungsstand kaufen.Der Stand ist den ganzen Tag \u00fcber ge\u00f6ffnet. Wir verkaufen ein gro\u00dfes Sortiment von fr\u00fch bist sp\u00e4t reifenden \u00c4pfeln sowie mittelfr\u00fchen bis sp\u00e4ten Zwetschgen.Sorten: Arkcharm, Gala, Rubinette, Braeburn, Fuji, Nashi (japanische Apfelbirne)Zwetschgen: Cajacs Sch\u00f6ne, Cajacs Fruchtbare, [&hellip;]<\/p>\n","protected":false},"author":1,"featured_media":0,"parent":0,"menu_order":0,"comment_status":"closed","ping_status":"closed","template":"","meta":{"footnotes":""},"class_list":["post-14","page","type-page","status-publish","hentry"],"_links":{"self":[{"href":"https:\/\/xn--spargel-obsthof-arno-fnfgelt-n7c.de\/index.php?rest_route=\/wp\/v2\/pages\/14","targetHints":{"allow":["GET"]}}],"collection":[{"href":"https:\/\/xn--spargel-obsthof-arno-fnfgelt-n7c.de\/index.php?rest_route=\/wp\/v2\/pages"}],"about":[{"href":"https:\/\/xn--spargel-obsthof-arno-fnfgelt-n7c.de\/index.php?rest_route=\/wp\/v2\/types\/page"}],"author":[{"embeddable":true,"href":"https:\/\/xn--spargel-obsthof-arno-fnfgelt-n7c.de\/index.php?rest_route=\/wp\/v2\/users\/1"}],"replies":[{"embeddable":true,"href":"https:\/\/xn--spargel-obsthof-arno-fnfgelt-n7c.de\/index.php?rest_route=%2Fwp%2Fv2%2Fcomments&post=14"}],"version-history":[{"count":14,"href":"https:\/\/xn--spargel-obsthof-arno-fnfgelt-n7c.de\/index.php?rest_route=\/wp\/v2\/pages\/14\/revisions"}],"predecessor-version":[{"id":280,"href":"https:\/\/xn--spargel-obsthof-arno-fnfgelt-n7c.de\/index.php?rest_route=\/wp\/v2\/pages\/14\/revisions\/280"}],"wp:attachment":[{"href":"https:\/\/xn--spargel-obsthof-arno-fnfgelt-n7c.de\/index.php?rest_route=%2Fwp%2Fv2%2Fmedia&parent=14"}],"curies":[{"name":"wp","href":"https:\/\/api.w.org\/{rel}","templated":true}]}}